{"id":106,"date":"2016-12-22T12:00:51","date_gmt":"2016-12-22T14:00:51","guid":{"rendered":"http:\/\/norbertocefetsc.pro.br\/elm\/?page_id=106"},"modified":"2026-02-22T18:17:32","modified_gmt":"2026-02-22T20:17:32","slug":"trabalho-de-teologia","status":"publish","type":"page","link":"https:\/\/norbertomoro.pro.br\/?page_id=106","title":{"rendered":"Trabalhos de Teologia"},"content":{"rendered":"\n<p>Faculdade Cat\u00f3lica de Santa Catarina \u2013 FACASC<\/p>\n\n\n\n<p>P\u00f3s-Gradua\u00e7\u00e3o em Doutrina Social da Igreja na Realidade Brasileira<\/p>\n\n\n\n<p>Monografia &#8220;<strong>O PAPEL DAS PRINCIPAIS LIDERAN\u00c7AS NA LUTA PELA MATERIALIZA\u00c7\u00c3O DOS DIREITOS SOCIAIS NAS COMUNIDADES DO MONTE SERRAT E ALTO DA CAIEIRA<\/strong>&#8220;<\/p>\n\n\n\n<p><a href=\"https:\/\/norbertomoro.pro.br\/wp-content\/uploads\/2016\/12\/Norberto-FINAL-revisada.pdf\">Baixe Aqui a Monografia<\/a><\/p>\n\n\n\n<p>TCC &#8220;<strong>A PERSPECTIVA DO AMOR FRATERNAL DE JESUS DA PRIMEIRA CARTA DE JO\u00c3O E DA PASTORAL SOCIAL NAS COMUNIDADES DO MONT SERRAT E ALTO DA CAIEIRA<\/strong>&#8220;<\/p>\n\n\n\n<p><a href=\"https:\/\/norbertomoro.pro.br\/wp-content\/uploads\/2024\/06\/TCC-FINAL-Norberto-FINALI.pdf\">TCC FINAL Norberto<\/a><\/p>\n\n\n\n<p><\/p>\n","protected":false},"excerpt":{"rendered":"<p>Faculdade Cat\u00f3lica de Santa Catarina \u2013 FACASC P\u00f3s-Gradua\u00e7\u00e3o em Doutrina Social da Igreja na Realidade Brasileira Monografia &#8220;O PAPEL DAS PRINCIPAIS LIDERAN\u00c7AS NA LUTA PELA MATERIALIZA\u00c7\u00c3O DOS DIREITOS SOCIAIS NAS COMUNIDADES DO MONTE SERRAT E ALTO DA CAIEIRA&#8220; Baixe Aqui<\/p>\n","protected":false},"author":1,"featured_media":0,"parent":0,"menu_order":0,"comment_status":"closed","ping_status":"open","template":"","meta":{"footnotes":""},"class_list":["post-106","page","type-page","status-publish","hentry"],"_links":{"self":[{"href":"https:\/\/norbertomoro.pro.br\/index.php?rest_route=\/wp\/v2\/pages\/106","targetHints":{"allow":["GET"]}}],"collection":[{"href":"https:\/\/norbertomoro.pro.br\/index.php?rest_route=\/wp\/v2\/pages"}],"about":[{"href":"https:\/\/norbertomoro.pro.br\/index.php?rest_route=\/wp\/v2\/types\/page"}],"author":[{"embeddable":true,"href":"https:\/\/norbertomoro.pro.br\/index.php?rest_route=\/wp\/v2\/users\/1"}],"replies":[{"embeddable":true,"href":"https:\/\/norbertomoro.pro.br\/index.php?rest_route=%2Fwp%2Fv2%2Fcomments&post=106"}],"version-history":[{"count":5,"href":"https:\/\/norbertomoro.pro.br\/index.php?rest_route=\/wp\/v2\/pages\/106\/revisions"}],"predecessor-version":[{"id":312,"href":"https:\/\/norbertomoro.pro.br\/index.php?rest_route=\/wp\/v2\/pages\/106\/revisions\/312"}],"wp:attachment":[{"href":"https:\/\/norbertomoro.pro.br\/index.php?rest_route=%2Fwp%2Fv2%2Fmedia&parent=106"}],"curies":[{"name":"wp","href":"https:\/\/api.w.org\/{rel}","templated":true}]}}