{"id":115,"date":"2017-05-25T12:45:08","date_gmt":"2017-05-25T14:45:08","guid":{"rendered":"http:\/\/norbertocefetsc.pro.br\/elm\/?page_id=115"},"modified":"2026-02-22T13:43:51","modified_gmt":"2026-02-22T15:43:51","slug":"resistencia-dos-materiais","status":"publish","type":"page","link":"https:\/\/norbertomoro.pro.br\/?page_id=115","title":{"rendered":"Resist\u00eancia dos Materiais"},"content":{"rendered":"\n<p>Plano de Ensino:<\/p>\n\n\n\n<p><a href=\"https:\/\/norbertomoro.pro.br\/wp-content\/uploads\/2017\/05\/ProIn_I_RST_Plano_de_ensino.pdf\">Plano de ensino Resist\u00eancia dos Materiais ProIn I<\/a><\/p>\n\n\n\n<p>Apostila:<\/p>\n\n\n\n<p><a href=\"https:\/\/norbertomoro.pro.br\/wp-content\/uploads\/2025\/04\/NOVA-Apostila-Resistencia-REVISADA-JAPA_compressed.pdf\">Apostila Resist\u00eancia REVISADA 2024<\/a><\/p>\n\n\n\n<p>Projeto Integrador:<\/p>\n\n\n\n<p><a href=\"https:\/\/norbertomoro.pro.br\/wp-content\/uploads\/2014\/09\/PI-Extrusora.pdf\">Extrusora de macarr\u00e3o<\/a><\/p>\n\n\n\n<p><\/p>\n","protected":false},"excerpt":{"rendered":"<p>Plano de Ensino: Plano de ensino Resist\u00eancia dos Materiais ProIn I Apostila: Apostila Resist\u00eancia REVISADA 2024 Projeto Integrador: Extrusora de macarr\u00e3o<\/p>\n","protected":false},"author":1,"featured_media":0,"parent":0,"menu_order":0,"comment_status":"closed","ping_status":"open","template":"","meta":{"footnotes":""},"class_list":["post-115","page","type-page","status-publish","hentry"],"_links":{"self":[{"href":"https:\/\/norbertomoro.pro.br\/index.php?rest_route=\/wp\/v2\/pages\/115","targetHints":{"allow":["GET"]}}],"collection":[{"href":"https:\/\/norbertomoro.pro.br\/index.php?rest_route=\/wp\/v2\/pages"}],"about":[{"href":"https:\/\/norbertomoro.pro.br\/index.php?rest_route=\/wp\/v2\/types\/page"}],"author":[{"embeddable":true,"href":"https:\/\/norbertomoro.pro.br\/index.php?rest_route=\/wp\/v2\/users\/1"}],"replies":[{"embeddable":true,"href":"https:\/\/norbertomoro.pro.br\/index.php?rest_route=%2Fwp%2Fv2%2Fcomments&post=115"}],"version-history":[{"count":16,"href":"https:\/\/norbertomoro.pro.br\/index.php?rest_route=\/wp\/v2\/pages\/115\/revisions"}],"predecessor-version":[{"id":300,"href":"https:\/\/norbertomoro.pro.br\/index.php?rest_route=\/wp\/v2\/pages\/115\/revisions\/300"}],"wp:attachment":[{"href":"https:\/\/norbertomoro.pro.br\/index.php?rest_route=%2Fwp%2Fv2%2Fmedia&parent=115"}],"curies":[{"name":"wp","href":"https:\/\/api.w.org\/{rel}","templated":true}]}}