{"id":13,"date":"2014-09-27T10:11:25","date_gmt":"2014-09-27T10:11:25","guid":{"rendered":"http:\/\/norbertocefetsc.pro.br\/elm\/?page_id=13"},"modified":"2026-02-22T18:23:00","modified_gmt":"2026-02-22T20:23:00","slug":"processos-de-fabricacao","status":"publish","type":"page","link":"https:\/\/norbertomoro.pro.br\/?page_id=13","title":{"rendered":"Processos de Fabrica\u00e7\u00e3o"},"content":{"rendered":"\n<p><strong>Baixe aqui as apostilas:<\/strong><\/p>\n\n\n\n<p><a href=\"https:\/\/norbertomoro.pro.br\/wp-content\/uploads\/2014\/09\/fundicao.pdf\">Apostila Fundi\u00e7\u00e3o<\/a><\/p>\n\n\n\n<p><a href=\"https:\/\/norbertomoro.pro.br\/wp-content\/uploads\/2024\/09\/PFB-Conformacao-I-set-24.pdf\">Apostila Conforma\u00e7\u00e3o I<\/a><\/p>\n\n\n\n<p><a href=\"https:\/\/norbertomoro.pro.br\/wp-content\/uploads\/2024\/09\/PFB-Conformacao-II-set-24.pdf\" data-type=\"link\" data-id=\"https:\/\/norbertomoro.pro.br\/wp-content\/uploads\/2024\/09\/PFB-Conformacao-II-set-24.pdf\">Apostila Conforma\u00e7\u00e3o II<\/a><\/p>\n\n\n\n<p><a href=\"https:\/\/norbertomoro.pro.br\/wp-content\/uploads\/2024\/09\/PFB-Metalurgia-do-P\u00f3-set-24.pdf\" data-type=\"link\" data-id=\"https:\/\/norbertomoro.pro.br\/wp-content\/uploads\/2024\/09\/PFB-Metalurgia-do-P\u00f3-set-24.pdf\">Apostila Metalurgia do P\u00f3<\/a><\/p>\n\n\n\n<p><\/p>\n","protected":false},"excerpt":{"rendered":"<p>Baixe aqui as apostilas: Apostila Fundi\u00e7\u00e3o Apostila Conforma\u00e7\u00e3o I Apostila Conforma\u00e7\u00e3o II Apostila Metalurgia do P\u00f3<\/p>\n","protected":false},"author":2,"featured_media":0,"parent":7,"menu_order":0,"comment_status":"closed","ping_status":"closed","template":"","meta":{"footnotes":""},"class_list":["post-13","page","type-page","status-publish","hentry"],"_links":{"self":[{"href":"https:\/\/norbertomoro.pro.br\/index.php?rest_route=\/wp\/v2\/pages\/13","targetHints":{"allow":["GET"]}}],"collection":[{"href":"https:\/\/norbertomoro.pro.br\/index.php?rest_route=\/wp\/v2\/pages"}],"about":[{"href":"https:\/\/norbertomoro.pro.br\/index.php?rest_route=\/wp\/v2\/types\/page"}],"author":[{"embeddable":true,"href":"https:\/\/norbertomoro.pro.br\/index.php?rest_route=\/wp\/v2\/users\/2"}],"replies":[{"embeddable":true,"href":"https:\/\/norbertomoro.pro.br\/index.php?rest_route=%2Fwp%2Fv2%2Fcomments&post=13"}],"version-history":[{"count":14,"href":"https:\/\/norbertomoro.pro.br\/index.php?rest_route=\/wp\/v2\/pages\/13\/revisions"}],"predecessor-version":[{"id":314,"href":"https:\/\/norbertomoro.pro.br\/index.php?rest_route=\/wp\/v2\/pages\/13\/revisions\/314"}],"up":[{"embeddable":true,"href":"https:\/\/norbertomoro.pro.br\/index.php?rest_route=\/wp\/v2\/pages\/7"}],"wp:attachment":[{"href":"https:\/\/norbertomoro.pro.br\/index.php?rest_route=%2Fwp%2Fv2%2Fmedia&parent=13"}],"curies":[{"name":"wp","href":"https:\/\/api.w.org\/{rel}","templated":true}]}}