{"id":17,"date":"2014-09-27T10:14:31","date_gmt":"2014-09-27T10:14:31","guid":{"rendered":"http:\/\/norbertocefetsc.pro.br\/elm\/?page_id=17"},"modified":"2024-06-18T11:21:41","modified_gmt":"2024-06-18T13:21:41","slug":"quem-sou","status":"publish","type":"page","link":"https:\/\/norbertomoro.pro.br\/","title":{"rendered":"Quem sou!"},"content":{"rendered":"<p style=\"text-align: justify;\"><img loading=\"lazy\" decoding=\"async\" class=\"alignleft wp-image-90 size-medium\" src=\"http:\/\/norbertomoro.pro.br\/elm\/wp-content\/uploads\/2014\/09\/foto-perfil-site-241x300.jpg\" alt=\"\" width=\"241\" height=\"300\" srcset=\"https:\/\/norbertomoro.pro.br\/wp-content\/uploads\/2014\/09\/foto-perfil-site-241x300.jpg 241w, https:\/\/norbertomoro.pro.br\/wp-content\/uploads\/2014\/09\/foto-perfil-site.jpg 482w\" sizes=\"auto, (max-width: 241px) 100vw, 241px\" \/>Professor do Departamento de Metal Mec\u00e2nica do IFSC &#8211; Instituto Federal de Educa\u00e7\u00e3o, Ci\u00eancia e Tecnologia de Santa Catarina h\u00e1 43 anos. Engenheiro Mec\u00e2nico formado na UFSM &#8211; Universidade Federal de Santa Maria, com especializa\u00e7\u00f5es em Processos Mec\u00e2nicos, Tr\u00e2nsito e Administra\u00e7\u00e3o Escolar. S\u00f3cio fundador do GAVA &#8211; Grupo de An\u00e1lise de Tens\u00f5es em Ve\u00edculos Automotores e Reboc\u00e1veis. Mestrado em Engenharia Civil, na \u00e1rea de Infraestrutura e Ger\u00eancia Vi\u00e1ria em Inspe\u00e7\u00e3o Veicular (2013). Bacharel em Teologia (FACASC, 2023).<\/p>\n","protected":false},"excerpt":{"rendered":"<p>Professor do Departamento de Metal Mec\u00e2nica do IFSC &#8211; Instituto Federal de Educa\u00e7\u00e3o, Ci\u00eancia e Tecnologia de Santa Catarina h\u00e1 43 anos. Engenheiro Mec\u00e2nico formado na UFSM &#8211; Universidade Federal de Santa Maria, com especializa\u00e7\u00f5es em Processos Mec\u00e2nicos, Tr\u00e2nsito e<\/p>\n","protected":false},"author":2,"featured_media":0,"parent":0,"menu_order":0,"comment_status":"closed","ping_status":"closed","template":"","meta":{"footnotes":""},"class_list":["post-17","page","type-page","status-publish","hentry"],"_links":{"self":[{"href":"https:\/\/norbertomoro.pro.br\/index.php?rest_route=\/wp\/v2\/pages\/17","targetHints":{"allow":["GET"]}}],"collection":[{"href":"https:\/\/norbertomoro.pro.br\/index.php?rest_route=\/wp\/v2\/pages"}],"about":[{"href":"https:\/\/norbertomoro.pro.br\/index.php?rest_route=\/wp\/v2\/types\/page"}],"author":[{"embeddable":true,"href":"https:\/\/norbertomoro.pro.br\/index.php?rest_route=\/wp\/v2\/users\/2"}],"replies":[{"embeddable":true,"href":"https:\/\/norbertomoro.pro.br\/index.php?rest_route=%2Fwp%2Fv2%2Fcomments&post=17"}],"version-history":[{"count":11,"href":"https:\/\/norbertomoro.pro.br\/index.php?rest_route=\/wp\/v2\/pages\/17\/revisions"}],"predecessor-version":[{"id":242,"href":"https:\/\/norbertomoro.pro.br\/index.php?rest_route=\/wp\/v2\/pages\/17\/revisions\/242"}],"wp:attachment":[{"href":"https:\/\/norbertomoro.pro.br\/index.php?rest_route=%2Fwp%2Fv2%2Fmedia&parent=17"}],"curies":[{"name":"wp","href":"https:\/\/api.w.org\/{rel}","templated":true}]}}