{"id":315,"date":"2026-02-22T18:27:45","date_gmt":"2026-02-22T20:27:45","guid":{"rendered":"https:\/\/norbertomoro.pro.br\/?page_id=315"},"modified":"2026-02-22T19:03:28","modified_gmt":"2026-02-22T21:03:28","slug":"sobre-as-aulas","status":"publish","type":"page","link":"https:\/\/norbertomoro.pro.br\/?page_id=315","title":{"rendered":"Sobre as aulas"},"content":{"rendered":"\n<p>Uso de celular nas aulas: leia a <a href=\"https:\/\/norbertomoro.pro.br\/wp-content\/uploads\/2026\/02\/RESOL_CEPE_IFSC-67_2025_Uso_de_Celular_e_outros_di_250806_083108.pdf\">Resolu\u00e7\u00e3o do IFSC<\/a> sobre esse assunto<\/p>\n\n\n\n<p>Regras de conviv\u00eancia para os alunos: leia o <a href=\"https:\/\/norbertomoro.pro.br\/wp-content\/uploads\/2026\/02\/codigo_convivencia_discente_IFSC_2025.pdf\">C\u00f3digo de Conviv\u00eancia Discente<\/a><\/p>\n\n\n\n<p>Sobre os tipos de preconceitos a serem evitados:<\/p>\n\n\n\n<figure class=\"wp-block-image size-large is-resized\"><img decoding=\"async\" src=\"https:\/\/norbertomoro.pro.br\/wp-content\/uploads\/2026\/02\/preconceitos.png\" alt=\"\" style=\"aspect-ratio:1.5491456070080396;width:604px;height:auto\"\/><\/figure>\n\n\n\n<p><\/p>\n","protected":false},"excerpt":{"rendered":"<p>Uso de celular nas aulas: leia a Resolu\u00e7\u00e3o do IFSC sobre esse assunto Regras de conviv\u00eancia para os alunos: leia o C\u00f3digo de Conviv\u00eancia Discente Sobre os tipos de preconceitos a serem evitados:<\/p>\n","protected":false},"author":1,"featured_media":0,"parent":0,"menu_order":0,"comment_status":"closed","ping_status":"closed","template":"","meta":{"footnotes":""},"class_list":["post-315","page","type-page","status-publish","hentry"],"_links":{"self":[{"href":"https:\/\/norbertomoro.pro.br\/index.php?rest_route=\/wp\/v2\/pages\/315","targetHints":{"allow":["GET"]}}],"collection":[{"href":"https:\/\/norbertomoro.pro.br\/index.php?rest_route=\/wp\/v2\/pages"}],"about":[{"href":"https:\/\/norbertomoro.pro.br\/index.php?rest_route=\/wp\/v2\/types\/page"}],"author":[{"embeddable":true,"href":"https:\/\/norbertomoro.pro.br\/index.php?rest_route=\/wp\/v2\/users\/1"}],"replies":[{"embeddable":true,"href":"https:\/\/norbertomoro.pro.br\/index.php?rest_route=%2Fwp%2Fv2%2Fcomments&post=315"}],"version-history":[{"count":3,"href":"https:\/\/norbertomoro.pro.br\/index.php?rest_route=\/wp\/v2\/pages\/315\/revisions"}],"predecessor-version":[{"id":325,"href":"https:\/\/norbertomoro.pro.br\/index.php?rest_route=\/wp\/v2\/pages\/315\/revisions\/325"}],"wp:attachment":[{"href":"https:\/\/norbertomoro.pro.br\/index.php?rest_route=%2Fwp%2Fv2%2Fmedia&parent=315"}],"curies":[{"name":"wp","href":"https:\/\/api.w.org\/{rel}","templated":true}]}}